{"id":5081,"date":"2022-08-21T12:17:06","date_gmt":"2022-08-21T09:17:06","guid":{"rendered":"https:\/\/www.sampatikisuites.com\/lokaler-fuehrer\/"},"modified":"2026-03-11T17:33:12","modified_gmt":"2026-03-11T15:33:12","slug":"lokaler-fuehrer","status":"publish","type":"page","link":"https:\/\/www.sampatikisuites.com\/de\/lokaler-fuehrer\/","title":{"rendered":"Lokaler F\u00fchrer"},"content":{"rendered":"\t\t<div data-elementor-type=\"wp-page\" data-elementor-id=\"5081\" class=\"elementor elementor-5081 elementor-1845\" data-elementor-post-type=\"page\">\n\t\t\t\t\t\t<section class=\"elementor-section elementor-top-section elementor-element elementor-element-551f1386 elementor-section-height-min-height elementor-section-content-middle elementor-section-boxed elementor-section-height-default elementor-section-items-middle\" data-id=\"551f1386\" data-element_type=\"section\" data-e-type=\"section\" data-settings=\"{&quot;background_background&quot;:&quot;slideshow&quot;,&quot;animation&quot;:&quot;none&quot;,&quot;background_slideshow_gallery&quot;:[{&quot;id&quot;:8532,&quot;url&quot;:&quot;https:\\\/\\\/www.sampatikisuites.com\\\/wp-content\\\/uploads\\\/2024\\\/08\\\/IMG_3575.jpg&quot;},{&quot;id&quot;:4828,&quot;url&quot;:&quot;https:\\\/\\\/www.sampatikisuites.com\\\/wp-content\\\/uploads\\\/2023\\\/12\\\/IMG_4044.jpg&quot;},{&quot;id&quot;:4855,&quot;url&quot;:&quot;https:\\\/\\\/www.sampatikisuites.com\\\/wp-content\\\/uploads\\\/2023\\\/12\\\/IMG_3998.jpg&quot;},{&quot;id&quot;:4786,&quot;url&quot;:&quot;https:\\\/\\\/www.sampatikisuites.com\\\/wp-content\\\/uploads\\\/2023\\\/12\\\/IMG_4128.jpg&quot;},{&quot;id&quot;:4825,&quot;url&quot;:&quot;https:\\\/\\\/www.sampatikisuites.com\\\/wp-content\\\/uploads\\\/2023\\\/12\\\/IMG_4047.jpg&quot;}],&quot;background_slideshow_lazyload&quot;:&quot;yes&quot;,&quot;background_slideshow_ken_burns&quot;:&quot;yes&quot;,&quot;background_slideshow_loop&quot;:&quot;yes&quot;,&quot;background_slideshow_slide_duration&quot;:5000,&quot;background_slideshow_slide_transition&quot;:&quot;fade&quot;,&quot;background_slideshow_transition_duration&quot;:500,&quot;background_slideshow_ken_burns_zoom_direction&quot;:&quot;in&quot;}\">\n\t\t\t\t\t\t\t<div class=\"elementor-background-overlay\"><\/div>\n\t\t\t\t\t\t\t<div class=\"elementor-container elementor-column-gap-default\">\n\t\t\t\t\t<div class=\"elementor-column elementor-col-100 elementor-top-column elementor-element elementor-element-3c47fbc8\" data-id=\"3c47fbc8\" data-element_type=\"column\" data-e-type=\"column\" data-settings=\"{&quot;motion_fx_motion_fx_scrolling&quot;:&quot;yes&quot;,&quot;motion_fx_devices&quot;:[&quot;desktop&quot;,&quot;laptop&quot;,&quot;tablet&quot;,&quot;mobile&quot;]}\">\n\t\t\t<div class=\"elementor-widget-wrap elementor-element-populated\">\n\t\t\t\t\t\t<div class=\"elementor-element elementor-element-6b439b56 elementor-widget elementor-widget-heading\" data-id=\"6b439b56\" data-element_type=\"widget\" data-e-type=\"widget\" data-widget_type=\"heading.default\">\n\t\t\t\t<div class=\"elementor-widget-container\">\n\t\t\t\t\t<h5 class=\"elementor-heading-title elementor-size-default\">Entdecken Sie die Freizeitm\u00f6glichkeiten in unserer Region<\/h5>\t\t\t\t<\/div>\n\t\t\t\t<\/div>\n\t\t\t\t<div class=\"elementor-element elementor-element-45d80ea6 elementor-widget elementor-widget-heading\" data-id=\"45d80ea6\" data-element_type=\"widget\" data-e-type=\"widget\" data-widget_type=\"heading.default\">\n\t\t\t\t<div class=\"elementor-widget-container\">\n\t\t\t\t\t<h2 class=\"elementor-heading-title elementor-size-default\">Lokale Tipps  <\/h2>\t\t\t\t<\/div>\n\t\t\t\t<\/div>\n\t\t\t\t<div class=\"elementor-element elementor-element-e553fdf elementor-widget elementor-widget-text-editor\" data-id=\"e553fdf\" data-element_type=\"widget\" data-e-type=\"widget\" data-widget_type=\"text-editor.default\">\n\t\t\t\t<div class=\"elementor-widget-container\">\n\t\t\t\t\t\t\t\t\t<p>Tauchen Sie ein in die reiche Geschichte, die atemberaubenden Landschaften und die lebendige Kultur dieser griechischen Halbinsel. Unsere kuratierten Tipps und Empfehlungen sorgen f\u00fcr ein authentisches und unvergessliches Erlebnis. Ganz gleich, ob Sie sich zu antiken Ruinen, der Ruhe an der K\u00fcste oder der k\u00f6stlichen griechischen K\u00fcche hingezogen f\u00fchlen, lassen Sie uns Ihr Kompass bei der Entdeckung der verborgenen Juwelen des Peloponnes sein.    <\/p>\t\t\t\t\t\t\t\t<\/div>\n\t\t\t\t<\/div>\n\t\t\t\t\t<\/div>\n\t\t<\/div>\n\t\t\t\t\t<\/div>\n\t\t<\/section>\n\t\t<div class=\"elementor-element elementor-element-22b2a50 e-flex e-con-boxed e-con e-parent\" data-id=\"22b2a50\" data-element_type=\"container\" data-e-type=\"container\">\n\t\t\t\t\t<div class=\"e-con-inner\">\n\t\t\t\t\t<\/div>\n\t\t\t\t<\/div>\n\t\t<div class=\"elementor-element elementor-element-3516c18 e-flex e-con-boxed e-con e-parent\" data-id=\"3516c18\" data-element_type=\"container\" data-e-type=\"container\">\n\t\t\t\t\t<div class=\"e-con-inner\">\n\t\t\t\t<div class=\"elementor-element elementor-element-cc45ffa elementor-widget-divider--view-line elementor-widget elementor-widget-divider\" data-id=\"cc45ffa\" data-element_type=\"widget\" data-e-type=\"widget\" data-widget_type=\"divider.default\">\n\t\t\t\t<div class=\"elementor-widget-container\">\n\t\t\t\t\t\t\t<div class=\"elementor-divider\">\n\t\t\t<span class=\"elementor-divider-separator\">\n\t\t\t\t\t\t<\/span>\n\t\t<\/div>\n\t\t\t\t\t\t<\/div>\n\t\t\t\t<\/div>\n\t\t\t\t\t<\/div>\n\t\t\t\t<\/div>\n\t\t<div class=\"elementor-element elementor-element-7e2639b e-flex e-con-boxed e-con e-parent\" data-id=\"7e2639b\" data-element_type=\"container\" data-e-type=\"container\">\n\t\t\t\t\t<div class=\"e-con-inner\">\n\t\t\t\t<div class=\"elementor-element elementor-element-0d09004 elementor-widget elementor-widget-heading\" data-id=\"0d09004\" data-element_type=\"widget\" data-e-type=\"widget\" data-widget_type=\"heading.default\">\n\t\t\t\t<div class=\"elementor-widget-container\">\n\t\t\t\t\t<h2 class=\"elementor-heading-title elementor-size-default\">Peloponnes Reise Blog<\/h2>\t\t\t\t<\/div>\n\t\t\t\t<\/div>\n\t\t\t\t\t<\/div>\n\t\t\t\t<\/div>\n\t\t<div class=\"elementor-element elementor-element-b8b2510 e-flex e-con-boxed e-con e-parent\" data-id=\"b8b2510\" data-element_type=\"container\" data-e-type=\"container\">\n\t\t\t\t\t<div class=\"e-con-inner\">\n\t\t\t\t\t<\/div>\n\t\t\t\t<\/div>\n\t\t\t\t<\/div>\n\t\t","protected":false},"excerpt":{"rendered":"<p>Entdecken Sie die Freizeitm\u00f6glichkeiten in unserer Region Lokale Tipps Tauchen Sie ein in die reiche Geschichte, die atemberaubenden Landschaften und die lebendige Kultur dieser griechischen Halbinsel. Unsere kuratierten Tipps und Empfehlungen sorgen f\u00fcr ein authentisches und unvergessliches Erlebnis. Ganz gleich, ob Sie sich zu antiken Ruinen, der Ruhe an der K\u00fcste oder der k\u00f6stlichen griechischen [&hellip;]<\/p>\n","protected":false},"author":3,"featured_media":0,"parent":0,"menu_order":0,"comment_status":"closed","ping_status":"closed","template":"","meta":{"footnotes":""},"class_list":["post-5081","page","type-page","status-publish","hentry"],"yoast_head":"<!-- This site is optimized with the Yoast SEO plugin v27.2 - https:\/\/yoast.com\/product\/yoast-seo-wordpress\/ -->\n<title>Lokaler F\u00fchrer - Sampatiki Suites<\/title>\n<meta name=\"robots\" content=\"index, follow, max-snippet:-1, max-image-preview:large, max-video-preview:-1\" \/>\n<link rel=\"canonical\" href=\"https:\/\/www.sampatikisuites.com\/de\/lokaler-fuehrer\/\" \/>\n<meta property=\"og:locale\" content=\"de_DE\" \/>\n<meta property=\"og:type\" content=\"article\" \/>\n<meta property=\"og:title\" content=\"Lokaler F\u00fchrer - Sampatiki Suites\" \/>\n<meta property=\"og:description\" content=\"Entdecken Sie die Freizeitm\u00f6glichkeiten in unserer Region Lokale Tipps Tauchen Sie ein in die reiche Geschichte, die atemberaubenden Landschaften und die lebendige Kultur dieser griechischen Halbinsel. Unsere kuratierten Tipps und Empfehlungen sorgen f\u00fcr ein authentisches und unvergessliches Erlebnis. Ganz gleich, ob Sie sich zu antiken Ruinen, der Ruhe an der K\u00fcste oder der k\u00f6stlichen griechischen [&hellip;]\" \/>\n<meta property=\"og:url\" content=\"https:\/\/www.sampatikisuites.com\/de\/lokaler-fuehrer\/\" \/>\n<meta property=\"og:site_name\" content=\"Sampatiki Suites\" \/>\n<meta property=\"article:modified_time\" content=\"2026-03-11T15:33:12+00:00\" \/>\n<meta name=\"twitter:card\" content=\"summary_large_image\" \/>\n<script type=\"application\/ld+json\" class=\"yoast-schema-graph\">{\"@context\":\"https:\/\/schema.org\",\"@graph\":[{\"@type\":\"WebPage\",\"@id\":\"https:\/\/www.sampatikisuites.com\/de\/lokaler-fuehrer\/\",\"url\":\"https:\/\/www.sampatikisuites.com\/de\/lokaler-fuehrer\/\",\"name\":\"Lokaler F\u00fchrer - Sampatiki Suites\",\"isPartOf\":{\"@id\":\"https:\/\/www.sampatikisuites.com\/de\/#website\"},\"datePublished\":\"2022-08-21T09:17:06+00:00\",\"dateModified\":\"2026-03-11T15:33:12+00:00\",\"breadcrumb\":{\"@id\":\"https:\/\/www.sampatikisuites.com\/de\/lokaler-fuehrer\/#breadcrumb\"},\"inLanguage\":\"de\",\"potentialAction\":[{\"@type\":\"ReadAction\",\"target\":[\"https:\/\/www.sampatikisuites.com\/de\/lokaler-fuehrer\/\"]}]},{\"@type\":\"BreadcrumbList\",\"@id\":\"https:\/\/www.sampatikisuites.com\/de\/lokaler-fuehrer\/#breadcrumb\",\"itemListElement\":[{\"@type\":\"ListItem\",\"position\":1,\"name\":\"Home\",\"item\":\"https:\/\/www.sampatikisuites.com\/de\/startseite\/\"},{\"@type\":\"ListItem\",\"position\":2,\"name\":\"Lokaler F\u00fchrer\"}]},{\"@type\":\"WebSite\",\"@id\":\"https:\/\/www.sampatikisuites.com\/de\/#website\",\"url\":\"https:\/\/www.sampatikisuites.com\/de\/\",\"name\":\"Sampatiki Suites\",\"description\":\"\",\"publisher\":{\"@id\":\"https:\/\/www.sampatikisuites.com\/de\/#organization\"},\"potentialAction\":[{\"@type\":\"SearchAction\",\"target\":{\"@type\":\"EntryPoint\",\"urlTemplate\":\"https:\/\/www.sampatikisuites.com\/de\/?s={search_term_string}\"},\"query-input\":{\"@type\":\"PropertyValueSpecification\",\"valueRequired\":true,\"valueName\":\"search_term_string\"}}],\"inLanguage\":\"de\"},{\"@type\":\"Organization\",\"@id\":\"https:\/\/www.sampatikisuites.com\/de\/#organization\",\"name\":\"Sampatiki Suites\",\"url\":\"https:\/\/www.sampatikisuites.com\/de\/\",\"logo\":{\"@type\":\"ImageObject\",\"inLanguage\":\"de\",\"@id\":\"https:\/\/www.sampatikisuites.com\/de\/#\/schema\/logo\/image\/\",\"url\":\"https:\/\/www.sampatikisuites.com\/wp-content\/uploads\/2021\/11\/SAMPATIKI-2-e1699011508932.png\",\"contentUrl\":\"https:\/\/www.sampatikisuites.com\/wp-content\/uploads\/2021\/11\/SAMPATIKI-2-e1699011508932.png\",\"width\":1000,\"height\":426,\"caption\":\"Sampatiki Suites\"},\"image\":{\"@id\":\"https:\/\/www.sampatikisuites.com\/de\/#\/schema\/logo\/image\/\"}}]}<\/script>\n<!-- \/ Yoast SEO plugin. -->","yoast_head_json":{"title":"Lokaler F\u00fchrer - Sampatiki Suites","robots":{"index":"index","follow":"follow","max-snippet":"max-snippet:-1","max-image-preview":"max-image-preview:large","max-video-preview":"max-video-preview:-1"},"canonical":"https:\/\/www.sampatikisuites.com\/de\/lokaler-fuehrer\/","og_locale":"de_DE","og_type":"article","og_title":"Lokaler F\u00fchrer - Sampatiki Suites","og_description":"Entdecken Sie die Freizeitm\u00f6glichkeiten in unserer Region Lokale Tipps Tauchen Sie ein in die reiche Geschichte, die atemberaubenden Landschaften und die lebendige Kultur dieser griechischen Halbinsel. Unsere kuratierten Tipps und Empfehlungen sorgen f\u00fcr ein authentisches und unvergessliches Erlebnis. Ganz gleich, ob Sie sich zu antiken Ruinen, der Ruhe an der K\u00fcste oder der k\u00f6stlichen griechischen [&hellip;]","og_url":"https:\/\/www.sampatikisuites.com\/de\/lokaler-fuehrer\/","og_site_name":"Sampatiki Suites","article_modified_time":"2026-03-11T15:33:12+00:00","twitter_card":"summary_large_image","schema":{"@context":"https:\/\/schema.org","@graph":[{"@type":"WebPage","@id":"https:\/\/www.sampatikisuites.com\/de\/lokaler-fuehrer\/","url":"https:\/\/www.sampatikisuites.com\/de\/lokaler-fuehrer\/","name":"Lokaler F\u00fchrer - Sampatiki Suites","isPartOf":{"@id":"https:\/\/www.sampatikisuites.com\/de\/#website"},"datePublished":"2022-08-21T09:17:06+00:00","dateModified":"2026-03-11T15:33:12+00:00","breadcrumb":{"@id":"https:\/\/www.sampatikisuites.com\/de\/lokaler-fuehrer\/#breadcrumb"},"inLanguage":"de","potentialAction":[{"@type":"ReadAction","target":["https:\/\/www.sampatikisuites.com\/de\/lokaler-fuehrer\/"]}]},{"@type":"BreadcrumbList","@id":"https:\/\/www.sampatikisuites.com\/de\/lokaler-fuehrer\/#breadcrumb","itemListElement":[{"@type":"ListItem","position":1,"name":"Home","item":"https:\/\/www.sampatikisuites.com\/de\/startseite\/"},{"@type":"ListItem","position":2,"name":"Lokaler F\u00fchrer"}]},{"@type":"WebSite","@id":"https:\/\/www.sampatikisuites.com\/de\/#website","url":"https:\/\/www.sampatikisuites.com\/de\/","name":"Sampatiki Suites","description":"","publisher":{"@id":"https:\/\/www.sampatikisuites.com\/de\/#organization"},"potentialAction":[{"@type":"SearchAction","target":{"@type":"EntryPoint","urlTemplate":"https:\/\/www.sampatikisuites.com\/de\/?s={search_term_string}"},"query-input":{"@type":"PropertyValueSpecification","valueRequired":true,"valueName":"search_term_string"}}],"inLanguage":"de"},{"@type":"Organization","@id":"https:\/\/www.sampatikisuites.com\/de\/#organization","name":"Sampatiki Suites","url":"https:\/\/www.sampatikisuites.com\/de\/","logo":{"@type":"ImageObject","inLanguage":"de","@id":"https:\/\/www.sampatikisuites.com\/de\/#\/schema\/logo\/image\/","url":"https:\/\/www.sampatikisuites.com\/wp-content\/uploads\/2021\/11\/SAMPATIKI-2-e1699011508932.png","contentUrl":"https:\/\/www.sampatikisuites.com\/wp-content\/uploads\/2021\/11\/SAMPATIKI-2-e1699011508932.png","width":1000,"height":426,"caption":"Sampatiki Suites"},"image":{"@id":"https:\/\/www.sampatikisuites.com\/de\/#\/schema\/logo\/image\/"}}]}},"_links":{"self":[{"href":"https:\/\/www.sampatikisuites.com\/de\/wp-json\/wp\/v2\/pages\/5081","targetHints":{"allow":["GET"]}}],"collection":[{"href":"https:\/\/www.sampatikisuites.com\/de\/wp-json\/wp\/v2\/pages"}],"about":[{"href":"https:\/\/www.sampatikisuites.com\/de\/wp-json\/wp\/v2\/types\/page"}],"author":[{"embeddable":true,"href":"https:\/\/www.sampatikisuites.com\/de\/wp-json\/wp\/v2\/users\/3"}],"replies":[{"embeddable":true,"href":"https:\/\/www.sampatikisuites.com\/de\/wp-json\/wp\/v2\/comments?post=5081"}],"version-history":[{"count":9,"href":"https:\/\/www.sampatikisuites.com\/de\/wp-json\/wp\/v2\/pages\/5081\/revisions"}],"predecessor-version":[{"id":13285,"href":"https:\/\/www.sampatikisuites.com\/de\/wp-json\/wp\/v2\/pages\/5081\/revisions\/13285"}],"wp:attachment":[{"href":"https:\/\/www.sampatikisuites.com\/de\/wp-json\/wp\/v2\/media?parent=5081"}],"curies":[{"name":"wp","href":"https:\/\/api.w.org\/{rel}","templated":true}]}}