{"id":7045,"date":"2024-05-29T12:31:36","date_gmt":"2024-05-29T09:31:36","guid":{"rendered":"https:\/\/www.sampatikisuites.com\/verwaltung-von-reklamationen\/"},"modified":"2024-06-17T18:29:34","modified_gmt":"2024-06-17T15:29:34","slug":"verwaltung-von-reklamationen","status":"publish","type":"page","link":"https:\/\/www.sampatikisuites.com\/de\/verwaltung-von-reklamationen\/","title":{"rendered":"Feedback &amp; Beschwerdemanagement"},"content":{"rendered":"\t\t<div data-elementor-type=\"wp-page\" data-elementor-id=\"7045\" class=\"elementor elementor-7045 elementor-7031\" data-elementor-post-type=\"page\">\n\t\t\t\t\t\t<section class=\"elementor-section elementor-top-section elementor-element elementor-element-34dd416 elementor-section-boxed elementor-section-height-default elementor-section-height-default\" data-id=\"34dd416\" data-element_type=\"section\" data-e-type=\"section\">\n\t\t\t\t\t\t<div class=\"elementor-container elementor-column-gap-default\">\n\t\t\t\t\t<div class=\"elementor-column elementor-col-100 elementor-top-column elementor-element elementor-element-7d61a16\" data-id=\"7d61a16\" data-element_type=\"column\" data-e-type=\"column\">\n\t\t\t<div class=\"elementor-widget-wrap elementor-element-populated\">\n\t\t\t\t\t\t<div class=\"elementor-element elementor-element-642eae5 elementor-hidden-tablet elementor-hidden-mobile elementor-widget elementor-widget-image\" data-id=\"642eae5\" data-element_type=\"widget\" data-e-type=\"widget\" data-widget_type=\"image.default\">\n\t\t\t\t<div class=\"elementor-widget-container\">\n\t\t\t\t\t\t\t\t\t\t\t\t\t\t\t<img fetchpriority=\"high\" decoding=\"async\" width=\"800\" height=\"341\" src=\"https:\/\/www.sampatikisuites.com\/wp-content\/uploads\/2021\/11\/SAMPATIKI-2-e1699011508932.png\" class=\"attachment-large size-large wp-image-4735\" alt=\"\" srcset=\"https:\/\/www.sampatikisuites.com\/wp-content\/uploads\/2021\/11\/SAMPATIKI-2-e1699011508932.png 1000w, https:\/\/www.sampatikisuites.com\/wp-content\/uploads\/2021\/11\/SAMPATIKI-2-e1699011508932-300x128.png 300w, https:\/\/www.sampatikisuites.com\/wp-content\/uploads\/2021\/11\/SAMPATIKI-2-e1699011508932-768x327.png 768w\" sizes=\"(max-width: 800px) 100vw, 800px\" \/>\t\t\t\t\t\t\t\t\t\t\t\t\t\t\t<\/div>\n\t\t\t\t<\/div>\n\t\t\t\t\t<\/div>\n\t\t<\/div>\n\t\t\t\t\t<\/div>\n\t\t<\/section>\n\t\t\t\t<section class=\"elementor-section elementor-top-section elementor-element elementor-element-8ca0551 elementor-section-boxed elementor-section-height-default elementor-section-height-default\" data-id=\"8ca0551\" data-element_type=\"section\" data-e-type=\"section\">\n\t\t\t\t\t\t<div class=\"elementor-container elementor-column-gap-default\">\n\t\t\t\t\t<div class=\"elementor-column elementor-col-100 elementor-top-column elementor-element elementor-element-9089a6d\" data-id=\"9089a6d\" data-element_type=\"column\" data-e-type=\"column\">\n\t\t\t<div class=\"elementor-widget-wrap elementor-element-populated\">\n\t\t\t\t\t\t<div class=\"elementor-element elementor-element-0e69405 elementor-widget elementor-widget-spacer\" data-id=\"0e69405\" data-element_type=\"widget\" data-e-type=\"widget\" data-widget_type=\"spacer.default\">\n\t\t\t\t<div class=\"elementor-widget-container\">\n\t\t\t\t\t\t\t<div class=\"elementor-spacer\">\n\t\t\t<div class=\"elementor-spacer-inner\"><\/div>\n\t\t<\/div>\n\t\t\t\t\t\t<\/div>\n\t\t\t\t<\/div>\n\t\t\t\t<div class=\"elementor-element elementor-element-45d5af3 elementor-widget elementor-widget-heading\" data-id=\"45d5af3\" data-element_type=\"widget\" data-e-type=\"widget\" data-widget_type=\"heading.default\">\n\t\t\t\t<div class=\"elementor-widget-container\">\n\t\t\t\t\t<h2 class=\"elementor-heading-title elementor-size-default\">Formular f\u00fcr Kundenfeedback und Reklamationen<\/h2>\t\t\t\t<\/div>\n\t\t\t\t<\/div>\n\t\t\t\t\t<\/div>\n\t\t<\/div>\n\t\t\t\t\t<\/div>\n\t\t<\/section>\n\t\t\t\t<section class=\"elementor-section elementor-top-section elementor-element elementor-element-6cffc54 elementor-section-boxed elementor-section-height-default elementor-section-height-default\" data-id=\"6cffc54\" data-element_type=\"section\" data-e-type=\"section\">\n\t\t\t\t\t\t<div class=\"elementor-container elementor-column-gap-default\">\n\t\t\t\t\t<div class=\"elementor-column elementor-col-100 elementor-top-column elementor-element elementor-element-363b34a\" data-id=\"363b34a\" data-element_type=\"column\" data-e-type=\"column\">\n\t\t\t<div class=\"elementor-widget-wrap elementor-element-populated\">\n\t\t\t\t\t\t<div class=\"elementor-element elementor-element-5550ba8 elementor-widget elementor-widget-text-editor\" data-id=\"5550ba8\" data-element_type=\"widget\" data-e-type=\"widget\" data-widget_type=\"text-editor.default\">\n\t\t\t\t<div class=\"elementor-widget-container\">\n\t\t\t\t\t\t\t\t\t<p class=\"p1\">Willkommen auf der Seite des Kundenservice unseres Hotels. Wir sch\u00e4tzen Ihr Feedback und sind bestrebt, Ihnen w\u00e4hrend Ihres Aufenthalts die bestm\u00f6gliche Erfahrung zu bieten. Ganz gleich, ob Sie einen Vorschlag, ein Anliegen oder eine Beschwerde haben, wir freuen uns, wenn Sie uns diese \u00fcber das untenstehende Formular mitteilen. Ihr Beitrag hilft uns, unseren Service zu verbessern und sicherzustellen, dass jeder Gast einen angenehmen und unvergesslichen Aufenthalt hat. Vielen Dank, dass Sie sich die Zeit genommen haben, sich mit uns in Verbindung zu setzen.<\/p>\n<p class=\"p1\">Im Sampatiki Suites &amp; Spa legen wir gro\u00dfen Wert auf die Zufriedenheit unserer Kunden und bem\u00fchen uns, alle Beschwerden umgehend und fair zu bearbeiten. Unsere Politik umfasst Folgendes:<\/p>\n<p class=\"p1\"><b>Einreichen von Beschwerden:<\/b><\/p>\n<p class=\"p1\"><b>M\u00fcndliche Beschwerden: <\/b>Kunden k\u00f6nnen ihre Beschwerden m\u00fcndlich bei jedem Mitarbeiter oder direkt an der Rezeption vorbringen.<\/p>\n<p class=\"p1\"><b>Schriftlich: <\/b>Bitte reichen Sie Beschwerden schriftlich per Brief, Briefkopf oder E-Mail an die Adresse des Hotels ein.<br>Bewertungsfrageb\u00f6gen: Die Frageb\u00f6gen, die in den Zimmern ausliegen, k\u00f6nnen ausgef\u00fcllt und dem Management \u00fcbergeben werden.<\/p>\n<p class=\"p1\"><b>Bearbeitung von Reklamationen:<\/b><\/p>\n<p class=\"p1\">Alle Beschwerden werden elektronisch in der Datenbank des Hotels erfasst und sorgf\u00e4ltig gepr\u00fcft.<br>Wenn die Beschwerde einen Mitarbeiter betrifft, wird sie unparteiisch und fair behandelt.<\/p>\n<p class=\"p1\"><b>Privatsph\u00e4re:<\/b><\/p>\n<p class=\"p1\">Wir sorgen daf\u00fcr, dass die pers\u00f6nlichen Daten unserer G\u00e4ste im Einklang mit der geltenden Gesetzgebung gesch\u00fctzt werden.<\/p>\n<p class=\"p1\"><b>Mitarbeiterschulung:<\/b><\/p>\n<p class=\"p1\">Unsere Mitarbeiter sind umfassend in der Bearbeitung von Beschwerden geschult und befolgen die Anweisungen des Managements genau, um eine kontinuierliche Aktualisierung und Verbesserung zu gew\u00e4hrleisten.<\/p>\n<p class=\"p1\"><b>Fristen f\u00fcr die Bearbeitung:<\/b><\/p>\n<p class=\"p1\"><b>Sofortige Reaktion:<\/b> Innerhalb von 2 Arbeitstagen wird der Kunde dar\u00fcber informiert, dass die Beschwerde eingegangen ist und untersucht wird.<\/p>\n<p class=\"p1\"><b>L\u00f6sung der Beschwerde:<\/b> Innerhalb von 5 Arbeitstagen wird die Beschwerde untersucht und es wird nach L\u00f6sungen gesucht, um die Beschwerde zu l\u00f6sen, wobei der Kunde informiert wird.<br><\/p>\t\t\t\t\t\t\t\t<\/div>\n\t\t\t\t<\/div>\n\t\t\t\t\t<\/div>\n\t\t<\/div>\n\t\t\t\t\t<\/div>\n\t\t<\/section>\n\t\t\t\t<section class=\"elementor-section elementor-top-section elementor-element elementor-element-0c097bc elementor-section-boxed elementor-section-height-default elementor-section-height-default\" data-id=\"0c097bc\" data-element_type=\"section\" data-e-type=\"section\">\n\t\t\t\t\t\t<div class=\"elementor-container elementor-column-gap-default\">\n\t\t\t\t\t<div class=\"elementor-column elementor-col-100 elementor-top-column elementor-element elementor-element-41424ba\" data-id=\"41424ba\" data-element_type=\"column\" data-e-type=\"column\">\n\t\t\t<div class=\"elementor-widget-wrap elementor-element-populated\">\n\t\t\t\t\t\t<div class=\"elementor-element elementor-element-78b346e elementor-button-align-stretch elementor-widget elementor-widget-form\" data-id=\"78b346e\" data-element_type=\"widget\" data-e-type=\"widget\" data-settings=\"{&quot;step_next_label&quot;:&quot;Weiter&quot;,&quot;step_previous_label&quot;:&quot;Vorherige&quot;,&quot;button_width&quot;:&quot;100&quot;,&quot;step_type&quot;:&quot;number_text&quot;,&quot;step_icon_shape&quot;:&quot;circle&quot;}\" data-widget_type=\"form.default\">\n\t\t\t\t<div class=\"elementor-widget-container\">\n\t\t\t\t\t\t\t<form class=\"elementor-form\" method=\"post\" name=\"Feedback- und Beschwerdeformular\" aria-label=\"Feedback- und Beschwerdeformular\">\n\t\t\t<input type=\"hidden\" name=\"post_id\" value=\"7045\"\/>\n\t\t\t<input type=\"hidden\" name=\"form_id\" value=\"78b346e\"\/>\n\t\t\t<input type=\"hidden\" name=\"referer_title\" value=\"Feedback &amp; Beschwerdemanagement - Sampatiki Suites\" \/>\n\n\t\t\t\t\t\t\t<input type=\"hidden\" name=\"queried_id\" value=\"7045\"\/>\n\t\t\t\n\t\t\t<div class=\"elementor-form-fields-wrapper elementor-labels-\">\n\t\t\t\t\t\t\t\t<div class=\"elementor-field-type-text elementor-field-group elementor-column elementor-field-group-name elementor-col-100 elementor-field-required\">\n\t\t\t\t\t\t\t\t\t\t\t\t<label for=\"form-field-name\" class=\"elementor-field-label elementor-screen-only\">\n\t\t\t\t\t\t\t\tName &amp; Nachname\t\t\t\t\t\t\t<\/label>\n\t\t\t\t\t\t\t\t\t\t\t\t\t\t<input size=\"1\" type=\"text\" name=\"form_fields[name]\" id=\"form-field-name\" class=\"elementor-field elementor-size-sm  elementor-field-textual\" placeholder=\"Name &amp; Nachname\" required=\"required\">\n\t\t\t\t\t\t\t\t\t\t\t<\/div>\n\t\t\t\t\t\t\t\t<div class=\"elementor-field-type-email elementor-field-group elementor-column elementor-field-group-email elementor-col-100 elementor-field-required\">\n\t\t\t\t\t\t\t\t\t\t\t\t<label for=\"form-field-email\" class=\"elementor-field-label elementor-screen-only\">\n\t\t\t\t\t\t\t\tE-Mail\t\t\t\t\t\t\t<\/label>\n\t\t\t\t\t\t\t\t\t\t\t\t\t\t<input size=\"1\" type=\"email\" name=\"form_fields[email]\" id=\"form-field-email\" class=\"elementor-field elementor-size-sm  elementor-field-textual\" placeholder=\"E-Mail\" required=\"required\">\n\t\t\t\t\t\t\t\t\t\t\t<\/div>\n\t\t\t\t\t\t\t\t<div class=\"elementor-field-type-tel elementor-field-group elementor-column elementor-field-group-field_16c324d elementor-col-100 elementor-field-required\">\n\t\t\t\t\t\t\t\t\t\t\t\t<label for=\"form-field-field_16c324d\" class=\"elementor-field-label elementor-screen-only\">\n\t\t\t\t\t\t\t\tTelefon Nummer\t\t\t\t\t\t\t<\/label>\n\t\t\t\t\t\t\t\t<input size=\"1\" type=\"tel\" name=\"form_fields[field_16c324d]\" id=\"form-field-field_16c324d\" class=\"elementor-field elementor-size-sm  elementor-field-textual\" placeholder=\"Telefon Nummer\" required=\"required\" pattern=\"[0-9()#&amp;+*-=.]+\" title=\"Nur Nummern oder Telefon-Zeichen (#, -, *, etc) werden akzeptiert.\">\n\n\t\t\t\t\t\t<\/div>\n\t\t\t\t\t\t\t\t<div class=\"elementor-field-type-date elementor-field-group elementor-column elementor-field-group-field_b66b8ed elementor-col-100 elementor-field-required\">\n\t\t\t\t\t\t\t\t\t\t\t\t<label for=\"form-field-field_b66b8ed\" class=\"elementor-field-label elementor-screen-only\">\n\t\t\t\t\t\t\t\tDatum des Aufenthalts im Hotel\t\t\t\t\t\t\t<\/label>\n\t\t\t\t\t\t\n\t\t<input type=\"date\" name=\"form_fields[field_b66b8ed]\" id=\"form-field-field_b66b8ed\" class=\"elementor-field elementor-size-sm  elementor-field-textual elementor-date-field\" placeholder=\"Datum der Ankunft im Hotel\" required=\"required\" pattern=\"[0-9]{4}-[0-9]{2}-[0-9]{2}\">\n\t\t\t\t\t\t<\/div>\n\t\t\t\t\t\t\t\t<div class=\"elementor-field-type-textarea elementor-field-group elementor-column elementor-field-group-message elementor-col-100 elementor-field-required\">\n\t\t\t\t\t\t\t\t\t\t\t\t<label for=\"form-field-message\" class=\"elementor-field-label elementor-screen-only\">\n\t\t\t\t\t\t\t\tNachricht\t\t\t\t\t\t\t<\/label>\n\t\t\t\t\t\t<textarea class=\"elementor-field-textual elementor-field  elementor-size-sm\" name=\"form_fields[message]\" id=\"form-field-message\" rows=\"4\" placeholder=\"Nachricht\" required=\"required\"><\/textarea>\t\t\t\t<\/div>\n\t\t\t\t\t\t\t\t<div class=\"elementor-field-group elementor-column elementor-field-type-submit elementor-col-100 e-form__buttons\">\n\t\t\t\t\t<button class=\"elementor-button elementor-size-sm\" type=\"submit\">\n\t\t\t\t\t\t<span class=\"elementor-button-content-wrapper\">\n\t\t\t\t\t\t\t\t\t\t\t\t\t\t\t\t\t\t\t\t\t\t<span class=\"elementor-button-text\">Senden Sie<\/span>\n\t\t\t\t\t\t\t\t\t\t\t\t\t<\/span>\n\t\t\t\t\t<\/button>\n\t\t\t\t<\/div>\n\t\t\t<\/div>\n\t\t<\/form>\n\t\t\t\t\t\t<\/div>\n\t\t\t\t<\/div>\n\t\t\t\t\t<\/div>\n\t\t<\/div>\n\t\t\t\t\t<\/div>\n\t\t<\/section>\n\t\t\t\t<section class=\"elementor-section elementor-top-section elementor-element elementor-element-35bb534 elementor-section-boxed elementor-section-height-default elementor-section-height-default\" data-id=\"35bb534\" data-element_type=\"section\" data-e-type=\"section\">\n\t\t\t\t\t\t<div class=\"elementor-container elementor-column-gap-default\">\n\t\t\t\t\t<div class=\"elementor-column elementor-col-100 elementor-top-column elementor-element elementor-element-5ed0710\" data-id=\"5ed0710\" data-element_type=\"column\" data-e-type=\"column\">\n\t\t\t<div class=\"elementor-widget-wrap elementor-element-populated\">\n\t\t\t\t\t\t<div class=\"elementor-element elementor-element-8747973 elementor-widget elementor-widget-spacer\" data-id=\"8747973\" data-element_type=\"widget\" data-e-type=\"widget\" data-widget_type=\"spacer.default\">\n\t\t\t\t<div class=\"elementor-widget-container\">\n\t\t\t\t\t\t\t<div class=\"elementor-spacer\">\n\t\t\t<div class=\"elementor-spacer-inner\"><\/div>\n\t\t<\/div>\n\t\t\t\t\t\t<\/div>\n\t\t\t\t<\/div>\n\t\t\t\t\t<\/div>\n\t\t<\/div>\n\t\t\t\t\t<\/div>\n\t\t<\/section>\n\t\t\t\t<\/div>\n\t\t","protected":false},"excerpt":{"rendered":"<p>Formular f\u00fcr Kundenfeedback und Reklamationen Willkommen auf der Seite des Kundenservice unseres Hotels. Wir sch\u00e4tzen Ihr Feedback und sind bestrebt, Ihnen w\u00e4hrend Ihres Aufenthalts die bestm\u00f6gliche Erfahrung zu bieten. Ganz gleich, ob Sie einen Vorschlag, ein Anliegen oder eine Beschwerde haben, wir freuen uns, wenn Sie uns diese \u00fcber das untenstehende Formular mitteilen. Ihr Beitrag [&hellip;]<\/p>\n","protected":false},"author":3,"featured_media":0,"parent":0,"menu_order":0,"comment_status":"closed","ping_status":"closed","template":"","meta":{"footnotes":""},"class_list":["post-7045","page","type-page","status-publish","hentry"],"yoast_head":"<!-- This site is optimized with the Yoast SEO plugin v27.2 - https:\/\/yoast.com\/product\/yoast-seo-wordpress\/ -->\n<title>Feedback &amp; Beschwerdemanagement - Sampatiki Suites<\/title>\n<meta name=\"robots\" content=\"index, follow, max-snippet:-1, max-image-preview:large, max-video-preview:-1\" \/>\n<link rel=\"canonical\" href=\"https:\/\/www.sampatikisuites.com\/de\/verwaltung-von-reklamationen\/\" \/>\n<meta property=\"og:locale\" content=\"de_DE\" \/>\n<meta property=\"og:type\" content=\"article\" \/>\n<meta property=\"og:title\" content=\"Feedback &amp; Beschwerdemanagement - Sampatiki Suites\" \/>\n<meta property=\"og:description\" content=\"Formular f\u00fcr Kundenfeedback und Reklamationen Willkommen auf der Seite des Kundenservice unseres Hotels. Wir sch\u00e4tzen Ihr Feedback und sind bestrebt, Ihnen w\u00e4hrend Ihres Aufenthalts die bestm\u00f6gliche Erfahrung zu bieten. Ganz gleich, ob Sie einen Vorschlag, ein Anliegen oder eine Beschwerde haben, wir freuen uns, wenn Sie uns diese \u00fcber das untenstehende Formular mitteilen. Ihr Beitrag [&hellip;]\" \/>\n<meta property=\"og:url\" content=\"https:\/\/www.sampatikisuites.com\/de\/verwaltung-von-reklamationen\/\" \/>\n<meta property=\"og:site_name\" content=\"Sampatiki Suites\" \/>\n<meta property=\"article:modified_time\" content=\"2024-06-17T15:29:34+00:00\" \/>\n<meta property=\"og:image\" content=\"https:\/\/www.sampatikisuites.com\/wp-content\/uploads\/2021\/11\/SAMPATIKI-2-e1699011508932.png\" \/>\n<meta name=\"twitter:card\" content=\"summary_large_image\" \/>\n<meta name=\"twitter:label1\" content=\"Gesch\u00e4tzte Lesezeit\" \/>\n\t<meta name=\"twitter:data1\" content=\"2\u00a0Minuten\" \/>\n<script type=\"application\/ld+json\" class=\"yoast-schema-graph\">{\"@context\":\"https:\/\/schema.org\",\"@graph\":[{\"@type\":\"WebPage\",\"@id\":\"https:\/\/www.sampatikisuites.com\/de\/verwaltung-von-reklamationen\/\",\"url\":\"https:\/\/www.sampatikisuites.com\/de\/verwaltung-von-reklamationen\/\",\"name\":\"Feedback &amp; Beschwerdemanagement - Sampatiki Suites\",\"isPartOf\":{\"@id\":\"https:\/\/www.sampatikisuites.com\/de\/#website\"},\"primaryImageOfPage\":{\"@id\":\"https:\/\/www.sampatikisuites.com\/de\/verwaltung-von-reklamationen\/#primaryimage\"},\"image\":{\"@id\":\"https:\/\/www.sampatikisuites.com\/de\/verwaltung-von-reklamationen\/#primaryimage\"},\"thumbnailUrl\":\"https:\/\/www.sampatikisuites.com\/wp-content\/uploads\/2021\/11\/SAMPATIKI-2-e1699011508932.png\",\"datePublished\":\"2024-05-29T09:31:36+00:00\",\"dateModified\":\"2024-06-17T15:29:34+00:00\",\"breadcrumb\":{\"@id\":\"https:\/\/www.sampatikisuites.com\/de\/verwaltung-von-reklamationen\/#breadcrumb\"},\"inLanguage\":\"de\",\"potentialAction\":[{\"@type\":\"ReadAction\",\"target\":[\"https:\/\/www.sampatikisuites.com\/de\/verwaltung-von-reklamationen\/\"]}]},{\"@type\":\"ImageObject\",\"inLanguage\":\"de\",\"@id\":\"https:\/\/www.sampatikisuites.com\/de\/verwaltung-von-reklamationen\/#primaryimage\",\"url\":\"https:\/\/www.sampatikisuites.com\/wp-content\/uploads\/2021\/11\/SAMPATIKI-2-e1699011508932.png\",\"contentUrl\":\"https:\/\/www.sampatikisuites.com\/wp-content\/uploads\/2021\/11\/SAMPATIKI-2-e1699011508932.png\"},{\"@type\":\"BreadcrumbList\",\"@id\":\"https:\/\/www.sampatikisuites.com\/de\/verwaltung-von-reklamationen\/#breadcrumb\",\"itemListElement\":[{\"@type\":\"ListItem\",\"position\":1,\"name\":\"Home\",\"item\":\"https:\/\/www.sampatikisuites.com\/de\/startseite\/\"},{\"@type\":\"ListItem\",\"position\":2,\"name\":\"Feedback &amp; Beschwerdemanagement\"}]},{\"@type\":\"WebSite\",\"@id\":\"https:\/\/www.sampatikisuites.com\/de\/#website\",\"url\":\"https:\/\/www.sampatikisuites.com\/de\/\",\"name\":\"Sampatiki Suites\",\"description\":\"\",\"publisher\":{\"@id\":\"https:\/\/www.sampatikisuites.com\/de\/#organization\"},\"potentialAction\":[{\"@type\":\"SearchAction\",\"target\":{\"@type\":\"EntryPoint\",\"urlTemplate\":\"https:\/\/www.sampatikisuites.com\/de\/?s={search_term_string}\"},\"query-input\":{\"@type\":\"PropertyValueSpecification\",\"valueRequired\":true,\"valueName\":\"search_term_string\"}}],\"inLanguage\":\"de\"},{\"@type\":\"Organization\",\"@id\":\"https:\/\/www.sampatikisuites.com\/de\/#organization\",\"name\":\"Sampatiki Suites\",\"url\":\"https:\/\/www.sampatikisuites.com\/de\/\",\"logo\":{\"@type\":\"ImageObject\",\"inLanguage\":\"de\",\"@id\":\"https:\/\/www.sampatikisuites.com\/de\/#\/schema\/logo\/image\/\",\"url\":\"https:\/\/www.sampatikisuites.com\/wp-content\/uploads\/2021\/11\/SAMPATIKI-2-e1699011508932.png\",\"contentUrl\":\"https:\/\/www.sampatikisuites.com\/wp-content\/uploads\/2021\/11\/SAMPATIKI-2-e1699011508932.png\",\"width\":1000,\"height\":426,\"caption\":\"Sampatiki Suites\"},\"image\":{\"@id\":\"https:\/\/www.sampatikisuites.com\/de\/#\/schema\/logo\/image\/\"}}]}<\/script>\n<!-- \/ Yoast SEO plugin. -->","yoast_head_json":{"title":"Feedback &amp; Beschwerdemanagement - Sampatiki Suites","robots":{"index":"index","follow":"follow","max-snippet":"max-snippet:-1","max-image-preview":"max-image-preview:large","max-video-preview":"max-video-preview:-1"},"canonical":"https:\/\/www.sampatikisuites.com\/de\/verwaltung-von-reklamationen\/","og_locale":"de_DE","og_type":"article","og_title":"Feedback &amp; Beschwerdemanagement - Sampatiki Suites","og_description":"Formular f\u00fcr Kundenfeedback und Reklamationen Willkommen auf der Seite des Kundenservice unseres Hotels. Wir sch\u00e4tzen Ihr Feedback und sind bestrebt, Ihnen w\u00e4hrend Ihres Aufenthalts die bestm\u00f6gliche Erfahrung zu bieten. Ganz gleich, ob Sie einen Vorschlag, ein Anliegen oder eine Beschwerde haben, wir freuen uns, wenn Sie uns diese \u00fcber das untenstehende Formular mitteilen. Ihr Beitrag [&hellip;]","og_url":"https:\/\/www.sampatikisuites.com\/de\/verwaltung-von-reklamationen\/","og_site_name":"Sampatiki Suites","article_modified_time":"2024-06-17T15:29:34+00:00","og_image":[{"url":"https:\/\/www.sampatikisuites.com\/wp-content\/uploads\/2021\/11\/SAMPATIKI-2-e1699011508932.png","type":"","width":"","height":""}],"twitter_card":"summary_large_image","twitter_misc":{"Gesch\u00e4tzte Lesezeit":"2\u00a0Minuten"},"schema":{"@context":"https:\/\/schema.org","@graph":[{"@type":"WebPage","@id":"https:\/\/www.sampatikisuites.com\/de\/verwaltung-von-reklamationen\/","url":"https:\/\/www.sampatikisuites.com\/de\/verwaltung-von-reklamationen\/","name":"Feedback &amp; Beschwerdemanagement - Sampatiki Suites","isPartOf":{"@id":"https:\/\/www.sampatikisuites.com\/de\/#website"},"primaryImageOfPage":{"@id":"https:\/\/www.sampatikisuites.com\/de\/verwaltung-von-reklamationen\/#primaryimage"},"image":{"@id":"https:\/\/www.sampatikisuites.com\/de\/verwaltung-von-reklamationen\/#primaryimage"},"thumbnailUrl":"https:\/\/www.sampatikisuites.com\/wp-content\/uploads\/2021\/11\/SAMPATIKI-2-e1699011508932.png","datePublished":"2024-05-29T09:31:36+00:00","dateModified":"2024-06-17T15:29:34+00:00","breadcrumb":{"@id":"https:\/\/www.sampatikisuites.com\/de\/verwaltung-von-reklamationen\/#breadcrumb"},"inLanguage":"de","potentialAction":[{"@type":"ReadAction","target":["https:\/\/www.sampatikisuites.com\/de\/verwaltung-von-reklamationen\/"]}]},{"@type":"ImageObject","inLanguage":"de","@id":"https:\/\/www.sampatikisuites.com\/de\/verwaltung-von-reklamationen\/#primaryimage","url":"https:\/\/www.sampatikisuites.com\/wp-content\/uploads\/2021\/11\/SAMPATIKI-2-e1699011508932.png","contentUrl":"https:\/\/www.sampatikisuites.com\/wp-content\/uploads\/2021\/11\/SAMPATIKI-2-e1699011508932.png"},{"@type":"BreadcrumbList","@id":"https:\/\/www.sampatikisuites.com\/de\/verwaltung-von-reklamationen\/#breadcrumb","itemListElement":[{"@type":"ListItem","position":1,"name":"Home","item":"https:\/\/www.sampatikisuites.com\/de\/startseite\/"},{"@type":"ListItem","position":2,"name":"Feedback &amp; Beschwerdemanagement"}]},{"@type":"WebSite","@id":"https:\/\/www.sampatikisuites.com\/de\/#website","url":"https:\/\/www.sampatikisuites.com\/de\/","name":"Sampatiki Suites","description":"","publisher":{"@id":"https:\/\/www.sampatikisuites.com\/de\/#organization"},"potentialAction":[{"@type":"SearchAction","target":{"@type":"EntryPoint","urlTemplate":"https:\/\/www.sampatikisuites.com\/de\/?s={search_term_string}"},"query-input":{"@type":"PropertyValueSpecification","valueRequired":true,"valueName":"search_term_string"}}],"inLanguage":"de"},{"@type":"Organization","@id":"https:\/\/www.sampatikisuites.com\/de\/#organization","name":"Sampatiki Suites","url":"https:\/\/www.sampatikisuites.com\/de\/","logo":{"@type":"ImageObject","inLanguage":"de","@id":"https:\/\/www.sampatikisuites.com\/de\/#\/schema\/logo\/image\/","url":"https:\/\/www.sampatikisuites.com\/wp-content\/uploads\/2021\/11\/SAMPATIKI-2-e1699011508932.png","contentUrl":"https:\/\/www.sampatikisuites.com\/wp-content\/uploads\/2021\/11\/SAMPATIKI-2-e1699011508932.png","width":1000,"height":426,"caption":"Sampatiki Suites"},"image":{"@id":"https:\/\/www.sampatikisuites.com\/de\/#\/schema\/logo\/image\/"}}]}},"_links":{"self":[{"href":"https:\/\/www.sampatikisuites.com\/de\/wp-json\/wp\/v2\/pages\/7045","targetHints":{"allow":["GET"]}}],"collection":[{"href":"https:\/\/www.sampatikisuites.com\/de\/wp-json\/wp\/v2\/pages"}],"about":[{"href":"https:\/\/www.sampatikisuites.com\/de\/wp-json\/wp\/v2\/types\/page"}],"author":[{"embeddable":true,"href":"https:\/\/www.sampatikisuites.com\/de\/wp-json\/wp\/v2\/users\/3"}],"replies":[{"embeddable":true,"href":"https:\/\/www.sampatikisuites.com\/de\/wp-json\/wp\/v2\/comments?post=7045"}],"version-history":[{"count":5,"href":"https:\/\/www.sampatikisuites.com\/de\/wp-json\/wp\/v2\/pages\/7045\/revisions"}],"predecessor-version":[{"id":7154,"href":"https:\/\/www.sampatikisuites.com\/de\/wp-json\/wp\/v2\/pages\/7045\/revisions\/7154"}],"wp:attachment":[{"href":"https:\/\/www.sampatikisuites.com\/de\/wp-json\/wp\/v2\/media?parent=7045"}],"curies":[{"name":"wp","href":"https:\/\/api.w.org\/{rel}","templated":true}]}}