{"id":12084,"date":"2022-08-21T12:17:06","date_gmt":"2022-08-21T09:17:06","guid":{"rendered":"https:\/\/www.sampatikisuites.com\/guide-local\/"},"modified":"2026-03-11T17:29:16","modified_gmt":"2026-03-11T15:29:16","slug":"guide-local","status":"publish","type":"page","link":"https:\/\/www.sampatikisuites.com\/fr\/guide-local\/","title":{"rendered":"Guide local"},"content":{"rendered":"\t\t<div data-elementor-type=\"wp-page\" data-elementor-id=\"12084\" class=\"elementor elementor-12084 elementor-1845\" data-elementor-post-type=\"page\">\n\t\t\t\t\t\t<section class=\"elementor-section elementor-top-section elementor-element elementor-element-551f1386 elementor-section-height-min-height elementor-section-content-middle elementor-section-boxed elementor-section-height-default elementor-section-items-middle\" data-id=\"551f1386\" data-element_type=\"section\" data-e-type=\"section\" data-settings=\"{&quot;background_background&quot;:&quot;slideshow&quot;,&quot;animation&quot;:&quot;none&quot;,&quot;background_slideshow_gallery&quot;:[{&quot;id&quot;:12018,&quot;url&quot;:&quot;https:\\\/\\\/www.sampatikisuites.com\\\/wp-content\\\/uploads\\\/2024\\\/08\\\/IMG_3575.jpg&quot;},{&quot;id&quot;:3170,&quot;url&quot;:&quot;https:\\\/\\\/www.sampatikisuites.com\\\/wp-content\\\/uploads\\\/2023\\\/12\\\/IMG_4044.jpg&quot;},{&quot;id&quot;:11994,&quot;url&quot;:&quot;https:\\\/\\\/www.sampatikisuites.com\\\/wp-content\\\/uploads\\\/2023\\\/12\\\/IMG_3998.jpg&quot;},{&quot;id&quot;:3156,&quot;url&quot;:&quot;https:\\\/\\\/www.sampatikisuites.com\\\/wp-content\\\/uploads\\\/2023\\\/12\\\/IMG_4128.jpg&quot;},{&quot;id&quot;:3169,&quot;url&quot;:&quot;https:\\\/\\\/www.sampatikisuites.com\\\/wp-content\\\/uploads\\\/2023\\\/12\\\/IMG_4047.jpg&quot;}],&quot;background_slideshow_lazyload&quot;:&quot;yes&quot;,&quot;background_slideshow_ken_burns&quot;:&quot;yes&quot;,&quot;background_slideshow_loop&quot;:&quot;yes&quot;,&quot;background_slideshow_slide_duration&quot;:5000,&quot;background_slideshow_slide_transition&quot;:&quot;fade&quot;,&quot;background_slideshow_transition_duration&quot;:500,&quot;background_slideshow_ken_burns_zoom_direction&quot;:&quot;in&quot;}\">\n\t\t\t\t\t\t\t<div class=\"elementor-background-overlay\"><\/div>\n\t\t\t\t\t\t\t<div class=\"elementor-container elementor-column-gap-default\">\n\t\t\t\t\t<div class=\"elementor-column elementor-col-100 elementor-top-column elementor-element elementor-element-3c47fbc8\" data-id=\"3c47fbc8\" data-element_type=\"column\" data-e-type=\"column\" data-settings=\"{&quot;motion_fx_motion_fx_scrolling&quot;:&quot;yes&quot;,&quot;motion_fx_devices&quot;:[&quot;desktop&quot;,&quot;laptop&quot;,&quot;tablet&quot;,&quot;mobile&quot;]}\">\n\t\t\t<div class=\"elementor-widget-wrap elementor-element-populated\">\n\t\t\t\t\t\t<div class=\"elementor-element elementor-element-6b439b56 elementor-widget elementor-widget-heading\" data-id=\"6b439b56\" data-element_type=\"widget\" data-e-type=\"widget\" data-widget_type=\"heading.default\">\n\t\t\t\t<div class=\"elementor-widget-container\">\n\t\t\t\t\t<h5 class=\"elementor-heading-title elementor-size-default\">D\u00e9couvrez ce qu'il y a \u00e0 faire dans notre r\u00e9gion<\/h5>\t\t\t\t<\/div>\n\t\t\t\t<\/div>\n\t\t\t\t<div class=\"elementor-element elementor-element-45d80ea6 elementor-widget elementor-widget-heading\" data-id=\"45d80ea6\" data-element_type=\"widget\" data-e-type=\"widget\" data-widget_type=\"heading.default\">\n\t\t\t\t<div class=\"elementor-widget-container\">\n\t\t\t\t\t<h2 class=\"elementor-heading-title elementor-size-default\">Conseils locaux  <\/h2>\t\t\t\t<\/div>\n\t\t\t\t<\/div>\n\t\t\t\t<div class=\"elementor-element elementor-element-e553fdf elementor-widget elementor-widget-text-editor\" data-id=\"e553fdf\" data-element_type=\"widget\" data-e-type=\"widget\" data-widget_type=\"text-editor.default\">\n\t\t\t\t<div class=\"elementor-widget-container\">\n\t\t\t\t\t\t\t\t\t<p>Plongez dans la riche histoire, les paysages \u00e0 couper le souffle et la culture vibrante de cette p\u00e9ninsule grecque. Nos conseils et recommandations vous garantissent une exp\u00e9rience authentique et inoubliable.  Que vous soyez attir\u00e9 par les ruines antiques, la s\u00e9r\u00e9nit\u00e9 de la c\u00f4te ou la d\u00e9licieuse cuisine grecque, laissez-nous \u00eatre votre boussole pour d\u00e9couvrir les joyaux cach\u00e9s du P\u00e9loponn\u00e8se.  <\/p>\t\t\t\t\t\t\t\t<\/div>\n\t\t\t\t<\/div>\n\t\t\t\t\t<\/div>\n\t\t<\/div>\n\t\t\t\t\t<\/div>\n\t\t<\/section>\n\t\t<div class=\"elementor-element elementor-element-22b2a50 e-flex e-con-boxed e-con e-parent\" data-id=\"22b2a50\" data-element_type=\"container\" data-e-type=\"container\">\n\t\t\t\t\t<div class=\"e-con-inner\">\n\t\t\t\t\t<\/div>\n\t\t\t\t<\/div>\n\t\t<div class=\"elementor-element elementor-element-3516c18 e-flex e-con-boxed e-con e-parent\" data-id=\"3516c18\" data-element_type=\"container\" data-e-type=\"container\">\n\t\t\t\t\t<div class=\"e-con-inner\">\n\t\t\t\t<div class=\"elementor-element elementor-element-cc45ffa elementor-widget-divider--view-line elementor-widget elementor-widget-divider\" data-id=\"cc45ffa\" data-element_type=\"widget\" data-e-type=\"widget\" data-widget_type=\"divider.default\">\n\t\t\t\t<div class=\"elementor-widget-container\">\n\t\t\t\t\t\t\t<div class=\"elementor-divider\">\n\t\t\t<span class=\"elementor-divider-separator\">\n\t\t\t\t\t\t<\/span>\n\t\t<\/div>\n\t\t\t\t\t\t<\/div>\n\t\t\t\t<\/div>\n\t\t\t\t\t<\/div>\n\t\t\t\t<\/div>\n\t\t<div class=\"elementor-element elementor-element-7e2639b e-flex e-con-boxed e-con e-parent\" data-id=\"7e2639b\" data-element_type=\"container\" data-e-type=\"container\">\n\t\t\t\t\t<div class=\"e-con-inner\">\n\t\t\t\t<div class=\"elementor-element elementor-element-0d09004 elementor-widget elementor-widget-heading\" data-id=\"0d09004\" data-element_type=\"widget\" data-e-type=\"widget\" data-widget_type=\"heading.default\">\n\t\t\t\t<div class=\"elementor-widget-container\">\n\t\t\t\t\t<h2 class=\"elementor-heading-title elementor-size-default\">Blog de voyage du P\u00e9loponn\u00e8se<\/h2>\t\t\t\t<\/div>\n\t\t\t\t<\/div>\n\t\t\t\t\t<\/div>\n\t\t\t\t<\/div>\n\t\t<div class=\"elementor-element elementor-element-b8b2510 e-flex e-con-boxed e-con e-parent\" data-id=\"b8b2510\" data-element_type=\"container\" data-e-type=\"container\">\n\t\t\t\t\t<div class=\"e-con-inner\">\n\t\t\t\t\t<\/div>\n\t\t\t\t<\/div>\n\t\t\t\t<\/div>\n\t\t","protected":false},"excerpt":{"rendered":"<p>D\u00e9couvrez ce qu&rsquo;il y a \u00e0 faire dans notre r\u00e9gion Conseils locaux Plongez dans la riche histoire, les paysages \u00e0 couper le souffle et la culture vibrante de cette p\u00e9ninsule grecque. Nos conseils et recommandations vous garantissent une exp\u00e9rience authentique et inoubliable. Que vous soyez attir\u00e9 par les ruines antiques, la s\u00e9r\u00e9nit\u00e9 de la c\u00f4te [&hellip;]<\/p>\n","protected":false},"author":3,"featured_media":0,"parent":0,"menu_order":0,"comment_status":"closed","ping_status":"closed","template":"","meta":{"footnotes":""},"class_list":["post-12084","page","type-page","status-publish","hentry"],"yoast_head":"<!-- This site is optimized with the Yoast SEO plugin v27.5 - https:\/\/yoast.com\/product\/yoast-seo-wordpress\/ -->\n<title>Guide local - Sampatiki Suites<\/title>\n<meta name=\"robots\" content=\"index, follow, max-snippet:-1, max-image-preview:large, max-video-preview:-1\" \/>\n<link rel=\"canonical\" href=\"https:\/\/www.sampatikisuites.com\/fr\/guide-local\/\" \/>\n<meta property=\"og:locale\" content=\"fr_FR\" \/>\n<meta property=\"og:type\" content=\"article\" \/>\n<meta property=\"og:title\" content=\"Guide local - Sampatiki Suites\" \/>\n<meta property=\"og:description\" content=\"D\u00e9couvrez ce qu&rsquo;il y a \u00e0 faire dans notre r\u00e9gion Conseils locaux Plongez dans la riche histoire, les paysages \u00e0 couper le souffle et la culture vibrante de cette p\u00e9ninsule grecque. Nos conseils et recommandations vous garantissent une exp\u00e9rience authentique et inoubliable. Que vous soyez attir\u00e9 par les ruines antiques, la s\u00e9r\u00e9nit\u00e9 de la c\u00f4te [&hellip;]\" \/>\n<meta property=\"og:url\" content=\"https:\/\/www.sampatikisuites.com\/fr\/guide-local\/\" \/>\n<meta property=\"og:site_name\" content=\"Sampatiki Suites\" \/>\n<meta property=\"article:modified_time\" content=\"2026-03-11T15:29:16+00:00\" \/>\n<meta name=\"twitter:card\" content=\"summary_large_image\" \/>\n<script type=\"application\/ld+json\" class=\"yoast-schema-graph\">{\"@context\":\"https:\\\/\\\/schema.org\",\"@graph\":[{\"@type\":\"WebPage\",\"@id\":\"https:\\\/\\\/www.sampatikisuites.com\\\/fr\\\/guide-local\\\/\",\"url\":\"https:\\\/\\\/www.sampatikisuites.com\\\/fr\\\/guide-local\\\/\",\"name\":\"Guide local - Sampatiki Suites\",\"isPartOf\":{\"@id\":\"https:\\\/\\\/www.sampatikisuites.com\\\/fr\\\/#website\"},\"datePublished\":\"2022-08-21T09:17:06+00:00\",\"dateModified\":\"2026-03-11T15:29:16+00:00\",\"breadcrumb\":{\"@id\":\"https:\\\/\\\/www.sampatikisuites.com\\\/fr\\\/guide-local\\\/#breadcrumb\"},\"inLanguage\":\"fr-FR\",\"potentialAction\":[{\"@type\":\"ReadAction\",\"target\":[\"https:\\\/\\\/www.sampatikisuites.com\\\/fr\\\/guide-local\\\/\"]}]},{\"@type\":\"BreadcrumbList\",\"@id\":\"https:\\\/\\\/www.sampatikisuites.com\\\/fr\\\/guide-local\\\/#breadcrumb\",\"itemListElement\":[{\"@type\":\"ListItem\",\"position\":1,\"name\":\"Home\",\"item\":\"https:\\\/\\\/www.sampatikisuites.com\\\/fr\\\/accueil\\\/\"},{\"@type\":\"ListItem\",\"position\":2,\"name\":\"Guide local\"}]},{\"@type\":\"WebSite\",\"@id\":\"https:\\\/\\\/www.sampatikisuites.com\\\/fr\\\/#website\",\"url\":\"https:\\\/\\\/www.sampatikisuites.com\\\/fr\\\/\",\"name\":\"Sampatiki Suites\",\"description\":\"\",\"publisher\":{\"@id\":\"https:\\\/\\\/www.sampatikisuites.com\\\/fr\\\/#organization\"},\"potentialAction\":[{\"@type\":\"SearchAction\",\"target\":{\"@type\":\"EntryPoint\",\"urlTemplate\":\"https:\\\/\\\/www.sampatikisuites.com\\\/fr\\\/?s={search_term_string}\"},\"query-input\":{\"@type\":\"PropertyValueSpecification\",\"valueRequired\":true,\"valueName\":\"search_term_string\"}}],\"inLanguage\":\"fr-FR\"},{\"@type\":\"Organization\",\"@id\":\"https:\\\/\\\/www.sampatikisuites.com\\\/fr\\\/#organization\",\"name\":\"Sampatiki Suites\",\"url\":\"https:\\\/\\\/www.sampatikisuites.com\\\/fr\\\/\",\"logo\":{\"@type\":\"ImageObject\",\"inLanguage\":\"fr-FR\",\"@id\":\"https:\\\/\\\/www.sampatikisuites.com\\\/fr\\\/#\\\/schema\\\/logo\\\/image\\\/\",\"url\":\"https:\\\/\\\/www.sampatikisuites.com\\\/wp-content\\\/uploads\\\/2021\\\/11\\\/SAMPATIKI-2-e1699011508932.png\",\"contentUrl\":\"https:\\\/\\\/www.sampatikisuites.com\\\/wp-content\\\/uploads\\\/2021\\\/11\\\/SAMPATIKI-2-e1699011508932.png\",\"width\":1000,\"height\":426,\"caption\":\"Sampatiki Suites\"},\"image\":{\"@id\":\"https:\\\/\\\/www.sampatikisuites.com\\\/fr\\\/#\\\/schema\\\/logo\\\/image\\\/\"}}]}<\/script>\n<!-- \/ Yoast SEO plugin. -->","yoast_head_json":{"title":"Guide local - Sampatiki Suites","robots":{"index":"index","follow":"follow","max-snippet":"max-snippet:-1","max-image-preview":"max-image-preview:large","max-video-preview":"max-video-preview:-1"},"canonical":"https:\/\/www.sampatikisuites.com\/fr\/guide-local\/","og_locale":"fr_FR","og_type":"article","og_title":"Guide local - Sampatiki Suites","og_description":"D\u00e9couvrez ce qu&rsquo;il y a \u00e0 faire dans notre r\u00e9gion Conseils locaux Plongez dans la riche histoire, les paysages \u00e0 couper le souffle et la culture vibrante de cette p\u00e9ninsule grecque. Nos conseils et recommandations vous garantissent une exp\u00e9rience authentique et inoubliable. Que vous soyez attir\u00e9 par les ruines antiques, la s\u00e9r\u00e9nit\u00e9 de la c\u00f4te [&hellip;]","og_url":"https:\/\/www.sampatikisuites.com\/fr\/guide-local\/","og_site_name":"Sampatiki Suites","article_modified_time":"2026-03-11T15:29:16+00:00","twitter_card":"summary_large_image","schema":{"@context":"https:\/\/schema.org","@graph":[{"@type":"WebPage","@id":"https:\/\/www.sampatikisuites.com\/fr\/guide-local\/","url":"https:\/\/www.sampatikisuites.com\/fr\/guide-local\/","name":"Guide local - Sampatiki Suites","isPartOf":{"@id":"https:\/\/www.sampatikisuites.com\/fr\/#website"},"datePublished":"2022-08-21T09:17:06+00:00","dateModified":"2026-03-11T15:29:16+00:00","breadcrumb":{"@id":"https:\/\/www.sampatikisuites.com\/fr\/guide-local\/#breadcrumb"},"inLanguage":"fr-FR","potentialAction":[{"@type":"ReadAction","target":["https:\/\/www.sampatikisuites.com\/fr\/guide-local\/"]}]},{"@type":"BreadcrumbList","@id":"https:\/\/www.sampatikisuites.com\/fr\/guide-local\/#breadcrumb","itemListElement":[{"@type":"ListItem","position":1,"name":"Home","item":"https:\/\/www.sampatikisuites.com\/fr\/accueil\/"},{"@type":"ListItem","position":2,"name":"Guide local"}]},{"@type":"WebSite","@id":"https:\/\/www.sampatikisuites.com\/fr\/#website","url":"https:\/\/www.sampatikisuites.com\/fr\/","name":"Sampatiki Suites","description":"","publisher":{"@id":"https:\/\/www.sampatikisuites.com\/fr\/#organization"},"potentialAction":[{"@type":"SearchAction","target":{"@type":"EntryPoint","urlTemplate":"https:\/\/www.sampatikisuites.com\/fr\/?s={search_term_string}"},"query-input":{"@type":"PropertyValueSpecification","valueRequired":true,"valueName":"search_term_string"}}],"inLanguage":"fr-FR"},{"@type":"Organization","@id":"https:\/\/www.sampatikisuites.com\/fr\/#organization","name":"Sampatiki Suites","url":"https:\/\/www.sampatikisuites.com\/fr\/","logo":{"@type":"ImageObject","inLanguage":"fr-FR","@id":"https:\/\/www.sampatikisuites.com\/fr\/#\/schema\/logo\/image\/","url":"https:\/\/www.sampatikisuites.com\/wp-content\/uploads\/2021\/11\/SAMPATIKI-2-e1699011508932.png","contentUrl":"https:\/\/www.sampatikisuites.com\/wp-content\/uploads\/2021\/11\/SAMPATIKI-2-e1699011508932.png","width":1000,"height":426,"caption":"Sampatiki Suites"},"image":{"@id":"https:\/\/www.sampatikisuites.com\/fr\/#\/schema\/logo\/image\/"}}]}},"_links":{"self":[{"href":"https:\/\/www.sampatikisuites.com\/fr\/wp-json\/wp\/v2\/pages\/12084","targetHints":{"allow":["GET"]}}],"collection":[{"href":"https:\/\/www.sampatikisuites.com\/fr\/wp-json\/wp\/v2\/pages"}],"about":[{"href":"https:\/\/www.sampatikisuites.com\/fr\/wp-json\/wp\/v2\/types\/page"}],"author":[{"embeddable":true,"href":"https:\/\/www.sampatikisuites.com\/fr\/wp-json\/wp\/v2\/users\/3"}],"replies":[{"embeddable":true,"href":"https:\/\/www.sampatikisuites.com\/fr\/wp-json\/wp\/v2\/comments?post=12084"}],"version-history":[{"count":3,"href":"https:\/\/www.sampatikisuites.com\/fr\/wp-json\/wp\/v2\/pages\/12084\/revisions"}],"predecessor-version":[{"id":13271,"href":"https:\/\/www.sampatikisuites.com\/fr\/wp-json\/wp\/v2\/pages\/12084\/revisions\/13271"}],"wp:attachment":[{"href":"https:\/\/www.sampatikisuites.com\/fr\/wp-json\/wp\/v2\/media?parent=12084"}],"curies":[{"name":"wp","href":"https:\/\/api.w.org\/{rel}","templated":true}]}}