{"id":12096,"date":"2022-08-06T12:06:40","date_gmt":"2022-08-06T09:06:40","guid":{"rendered":"https:\/\/www.sampatikisuites.com\/contact\/"},"modified":"2025-10-14T15:29:49","modified_gmt":"2025-10-14T12:29:49","slug":"contact","status":"publish","type":"page","link":"https:\/\/www.sampatikisuites.com\/fr\/contact\/","title":{"rendered":"Contact"},"content":{"rendered":"\t\t<div data-elementor-type=\"wp-page\" data-elementor-id=\"12096\" class=\"elementor elementor-12096 elementor-1528\" data-elementor-post-type=\"page\">\n\t\t\t\t\t\t<section class=\"elementor-section elementor-top-section elementor-element elementor-element-7fb0ba6 elementor-section-boxed elementor-section-height-default elementor-section-height-default\" data-id=\"7fb0ba6\" data-element_type=\"section\" data-e-type=\"section\">\n\t\t\t\t\t\t<div class=\"elementor-container elementor-column-gap-default\">\n\t\t\t\t\t<div class=\"elementor-column elementor-col-100 elementor-top-column elementor-element elementor-element-ca9b54a\" data-id=\"ca9b54a\" data-element_type=\"column\" data-e-type=\"column\">\n\t\t\t<div class=\"elementor-widget-wrap elementor-element-populated\">\n\t\t\t\t\t\t<div class=\"elementor-element elementor-element-41c6524 elementor-widget elementor-widget-spacer\" data-id=\"41c6524\" data-element_type=\"widget\" data-e-type=\"widget\" data-widget_type=\"spacer.default\">\n\t\t\t\t<div class=\"elementor-widget-container\">\n\t\t\t\t\t\t\t<div class=\"elementor-spacer\">\n\t\t\t<div class=\"elementor-spacer-inner\"><\/div>\n\t\t<\/div>\n\t\t\t\t\t\t<\/div>\n\t\t\t\t<\/div>\n\t\t\t\t\t<\/div>\n\t\t<\/div>\n\t\t\t\t\t<\/div>\n\t\t<\/section>\n\t\t\t\t<section class=\"elementor-section elementor-top-section elementor-element elementor-element-16c15cb2 elementor-section-content-middle elementor-section-boxed elementor-section-height-default elementor-section-height-default\" data-id=\"16c15cb2\" data-element_type=\"section\" data-e-type=\"section\">\n\t\t\t\t\t\t<div class=\"elementor-container elementor-column-gap-no\">\n\t\t\t\t\t<div class=\"elementor-column elementor-col-100 elementor-top-column elementor-element elementor-element-57d95201\" data-id=\"57d95201\" data-element_type=\"column\" data-e-type=\"column\">\n\t\t\t<div class=\"elementor-widget-wrap elementor-element-populated\">\n\t\t\t\t\t\t<div class=\"elementor-element elementor-element-2d6d4aea elementor-widget elementor-widget-heading\" data-id=\"2d6d4aea\" data-element_type=\"widget\" data-e-type=\"widget\" data-widget_type=\"heading.default\">\n\t\t\t\t<div class=\"elementor-widget-container\">\n\t\t\t\t\t<h3 class=\"elementor-heading-title elementor-size-default\">Prenez contact avec nous<\/h3>\t\t\t\t<\/div>\n\t\t\t\t<\/div>\n\t\t\t\t<div class=\"elementor-element elementor-element-447a667e elementor-widget elementor-widget-text-editor\" data-id=\"447a667e\" data-element_type=\"widget\" data-e-type=\"widget\" data-widget_type=\"text-editor.default\">\n\t\t\t\t<div class=\"elementor-widget-container\">\n\t\t\t\t\t\t\t\t\t<p>Votre confort et votre satisfaction sont nos priorit\u00e9s. Pour toute question, r\u00e9servation ou demande sp\u00e9ciale, n&rsquo;h\u00e9sitez pas \u00e0 nous contacter. Notre \u00e9quipe d\u00e9vou\u00e9e est l\u00e0 pour vous aider \u00e0 organiser un s\u00e9jour m\u00e9morable.  <\/p><p>Que vous cherchiez des informations sur la disponibilit\u00e9 des chambres, que vous planifiez un \u00e9v\u00e9nement ou que vous souhaitiez obtenir des recommandations locales, nous sommes l\u00e0 pour vous aider. Laissez-nous \u00eatre votre porte d&rsquo;entr\u00e9e pour un s\u00e9jour inoubliable. Nous sommes impatients de vous lire !  <\/p>\t\t\t\t\t\t\t\t<\/div>\n\t\t\t\t<\/div>\n\t\t\t\t\t<\/div>\n\t\t<\/div>\n\t\t\t\t\t<\/div>\n\t\t<\/section>\n\t\t\t\t<section class=\"elementor-section elementor-top-section elementor-element elementor-element-2b16da72 elementor-section-boxed elementor-section-height-default elementor-section-height-default\" data-id=\"2b16da72\" data-element_type=\"section\" data-e-type=\"section\">\n\t\t\t\t\t\t<div class=\"elementor-container elementor-column-gap-default\">\n\t\t\t\t\t<div class=\"elementor-column elementor-col-50 elementor-top-column elementor-element elementor-element-5737cc52\" data-id=\"5737cc52\" data-element_type=\"column\" data-e-type=\"column\">\n\t\t\t<div class=\"elementor-widget-wrap elementor-element-populated\">\n\t\t\t\t\t\t<div class=\"elementor-element elementor-element-34cf86a5 elementor-button-align-stretch elementor-widget elementor-widget-form\" data-id=\"34cf86a5\" data-element_type=\"widget\" data-e-type=\"widget\" data-settings=\"{&quot;step_next_label&quot;:&quot;Suivant&quot;,&quot;step_previous_label&quot;:&quot;Pr\\u00e9c\\u00e9dent&quot;,&quot;button_width&quot;:&quot;100&quot;,&quot;step_type&quot;:&quot;number_text&quot;,&quot;step_icon_shape&quot;:&quot;circle&quot;}\" data-widget_type=\"form.default\">\n\t\t\t\t<div class=\"elementor-widget-container\">\n\t\t\t\t\t\t\t<form class=\"elementor-form\" method=\"post\" name=\"Formulaire de la page de contact  \" aria-label=\"Formulaire de la page de contact  \">\n\t\t\t<input type=\"hidden\" name=\"post_id\" value=\"12096\"\/>\n\t\t\t<input type=\"hidden\" name=\"form_id\" value=\"34cf86a5\"\/>\n\t\t\t<input type=\"hidden\" name=\"referer_title\" value=\"Contact - Sampatiki Suites\" \/>\n\n\t\t\t\t\t\t\t<input type=\"hidden\" name=\"queried_id\" value=\"12096\"\/>\n\t\t\t\n\t\t\t<div class=\"elementor-form-fields-wrapper elementor-labels-\">\n\t\t\t\t\t\t\t\t<div class=\"elementor-field-type-text elementor-field-group elementor-column elementor-field-group-name elementor-col-100\">\n\t\t\t\t\t\t\t\t\t\t\t\t<label for=\"form-field-name\" class=\"elementor-field-label elementor-screen-only\">\n\t\t\t\t\t\t\t\tNom\t\t\t\t\t\t\t<\/label>\n\t\t\t\t\t\t\t\t\t\t\t\t\t\t<input size=\"1\" type=\"text\" name=\"form_fields[name]\" id=\"form-field-name\" class=\"elementor-field elementor-size-sm  elementor-field-textual\" placeholder=\"Nom\">\n\t\t\t\t\t\t\t\t\t\t\t<\/div>\n\t\t\t\t\t\t\t\t<div class=\"elementor-field-type-email elementor-field-group elementor-column elementor-field-group-email elementor-col-100 elementor-field-required\">\n\t\t\t\t\t\t\t\t\t\t\t\t<label for=\"form-field-email\" class=\"elementor-field-label elementor-screen-only\">\n\t\t\t\t\t\t\t\tCourriel\t\t\t\t\t\t\t<\/label>\n\t\t\t\t\t\t\t\t\t\t\t\t\t\t<input size=\"1\" type=\"email\" name=\"form_fields[email]\" id=\"form-field-email\" class=\"elementor-field elementor-size-sm  elementor-field-textual\" placeholder=\"Courriel\" required=\"required\">\n\t\t\t\t\t\t\t\t\t\t\t<\/div>\n\t\t\t\t\t\t\t\t<div class=\"elementor-field-type-date elementor-field-group elementor-column elementor-field-group-field_c46fded elementor-col-50\">\n\t\t\t\t\t\t\t\t\t\t\t\t<label for=\"form-field-field_c46fded\" class=\"elementor-field-label elementor-screen-only\">\n\t\t\t\t\t\t\t\tDe\t\t\t\t\t\t\t<\/label>\n\t\t\t\t\t\t\n\t\t<input type=\"date\" name=\"form_fields[field_c46fded]\" id=\"form-field-field_c46fded\" class=\"elementor-field elementor-size-sm  elementor-field-textual elementor-date-field\" placeholder=\"De\" pattern=\"[0-9]{4}-[0-9]{2}-[0-9]{2}\">\n\t\t\t\t\t\t<\/div>\n\t\t\t\t\t\t\t\t<div class=\"elementor-field-type-date elementor-field-group elementor-column elementor-field-group-field_5e3f010 elementor-col-50\">\n\t\t\t\t\t\t\t\t\t\t\t\t<label for=\"form-field-field_5e3f010\" class=\"elementor-field-label elementor-screen-only\">\n\t\t\t\t\t\t\t\tJusqu'\u00e0 ce que\t\t\t\t\t\t\t<\/label>\n\t\t\t\t\t\t\n\t\t<input type=\"date\" name=\"form_fields[field_5e3f010]\" id=\"form-field-field_5e3f010\" class=\"elementor-field elementor-size-sm  elementor-field-textual elementor-date-field\" placeholder=\"Jusqu&#039;\u00e0 ce que\" pattern=\"[0-9]{4}-[0-9]{2}-[0-9]{2}\">\n\t\t\t\t\t\t<\/div>\n\t\t\t\t\t\t\t\t<div class=\"elementor-field-type-textarea elementor-field-group elementor-column elementor-field-group-message elementor-col-100 elementor-field-required\">\n\t\t\t\t\t\t\t\t\t\t\t\t<label for=\"form-field-message\" class=\"elementor-field-label elementor-screen-only\">\n\t\t\t\t\t\t\t\tMessage\t\t\t\t\t\t\t<\/label>\n\t\t\t\t\t\t<textarea class=\"elementor-field-textual elementor-field  elementor-size-sm\" name=\"form_fields[message]\" id=\"form-field-message\" rows=\"4\" placeholder=\"Message\" required=\"required\"><\/textarea>\t\t\t\t<\/div>\n\t\t\t\t\t\t\t\t<div class=\"elementor-field-type-recaptcha_v3 elementor-field-group elementor-column elementor-field-group-field_70beadb elementor-col-100 recaptcha_v3-inline\">\n\t\t\t\t\t<div class=\"elementor-field\" id=\"form-field-field_70beadb\"><div class=\"elementor-g-recaptcha\" data-sitekey=\"6LfkFv4pAAAAAMebmDEcl2FDkISqScYt55nehh-Q\" data-type=\"v3\" data-action=\"Form\" data-badge=\"inline\" data-size=\"invisible\"><\/div><\/div>\t\t\t\t<\/div>\n\t\t\t\t\t\t\t\t<div class=\"elementor-field-group elementor-column elementor-field-type-submit elementor-col-100 e-form__buttons\">\n\t\t\t\t\t<button class=\"elementor-button elementor-size-sm\" type=\"submit\">\n\t\t\t\t\t\t<span class=\"elementor-button-content-wrapper\">\n\t\t\t\t\t\t\t\t\t\t\t\t\t\t\t\t\t\t\t\t\t\t<span class=\"elementor-button-text\">Envoyer<\/span>\n\t\t\t\t\t\t\t\t\t\t\t\t\t<\/span>\n\t\t\t\t\t<\/button>\n\t\t\t\t<\/div>\n\t\t\t<\/div>\n\t\t<\/form>\n\t\t\t\t\t\t<\/div>\n\t\t\t\t<\/div>\n\t\t\t\t\t<\/div>\n\t\t<\/div>\n\t\t\t\t<div class=\"elementor-column elementor-col-50 elementor-top-column elementor-element elementor-element-63a7dbc0\" data-id=\"63a7dbc0\" data-element_type=\"column\" data-e-type=\"column\">\n\t\t\t<div class=\"elementor-widget-wrap elementor-element-populated\">\n\t\t\t\t\t\t<div class=\"elementor-element elementor-element-4d972c34 elementor-widget elementor-widget-text-editor\" data-id=\"4d972c34\" data-element_type=\"widget\" data-e-type=\"widget\" data-widget_type=\"text-editor.default\">\n\t\t\t\t<div class=\"elementor-widget-container\">\n\t\t\t\t\t\t\t\t\t<p><b>Courriel<\/b><\/p><p><a href=\"mailto:reservations@sampatikisuites.com\">reservations@sampatikisuites.com<\/a><\/p>\t\t\t\t\t\t\t\t<\/div>\n\t\t\t\t<\/div>\n\t\t\t\t<div class=\"elementor-element elementor-element-7e312c7c elementor-widget elementor-widget-text-editor\" data-id=\"7e312c7c\" data-element_type=\"widget\" data-e-type=\"widget\" data-widget_type=\"text-editor.default\">\n\t\t\t\t<div class=\"elementor-widget-container\">\n\t\t\t\t\t\t\t\t\t<p><b style=\"font-family: -apple-system, BlinkMacSystemFont, 'Segoe UI', Roboto, 'Helvetica Neue', Arial, 'Noto Sans', sans-serif, 'Apple Color Emoji', 'Segoe UI Emoji', 'Segoe UI Symbol', 'Noto Color Emoji'; font-size: 1rem;\">T\u00e9l\u00e9phone<\/b><\/p>\n<p><a href=\"tel:+302757061156\">+30 275 706 1156<\/a><\/p>\t\t\t\t\t\t\t\t<\/div>\n\t\t\t\t<\/div>\n\t\t\t\t<div class=\"elementor-element elementor-element-67e7217f elementor-widget elementor-widget-text-editor\" data-id=\"67e7217f\" data-element_type=\"widget\" data-e-type=\"widget\" data-widget_type=\"text-editor.default\">\n\t\t\t\t<div class=\"elementor-widget-container\">\n\t\t\t\t\t\t\t\t\t<p><b style=\"font-family: -apple-system, BlinkMacSystemFont, 'Segoe UI', Roboto, 'Helvetica Neue', Arial, 'Noto Sans', sans-serif, 'Apple Color Emoji', 'Segoe UI Emoji', 'Segoe UI Symbol', 'Noto Color Emoji'; font-size: 1rem;\">Adresse<\/b><\/p><p class=\"p1\"><a href=\"https:\/\/maps.app.goo.gl\/2rdkh88eVc9Y3uUt6\" target=\"_blank\" rel=\"noopener\">Mylos Sampatiki Leonidiou, Notia Kinouria, Arcadia, 22029<\/a><\/p>\t\t\t\t\t\t\t\t<\/div>\n\t\t\t\t<\/div>\n\t\t\t\t<div class=\"elementor-element elementor-element-59d6ac12 e-grid-align-left elementor-shape-rounded elementor-grid-0 elementor-widget elementor-widget-social-icons\" data-id=\"59d6ac12\" data-element_type=\"widget\" data-e-type=\"widget\" data-widget_type=\"social-icons.default\">\n\t\t\t\t<div class=\"elementor-widget-container\">\n\t\t\t\t\t\t\t<div class=\"elementor-social-icons-wrapper elementor-grid\" role=\"list\">\n\t\t\t\t\t\t\t<span class=\"elementor-grid-item\" role=\"listitem\">\n\t\t\t\t\t<a class=\"elementor-icon elementor-social-icon elementor-social-icon-facebook elementor-repeater-item-e27f1e8\" href=\"https:\/\/www.facebook.com\/profile.php?id=100088083768337\" target=\"_blank\">\n\t\t\t\t\t\t<span class=\"elementor-screen-only\">Facebook<\/span>\n\t\t\t\t\t\t<i aria-hidden=\"true\" class=\"fab fa-facebook\"><\/i>\t\t\t\t\t<\/a>\n\t\t\t\t<\/span>\n\t\t\t\t\t\t\t<span class=\"elementor-grid-item\" role=\"listitem\">\n\t\t\t\t\t<a class=\"elementor-icon elementor-social-icon elementor-social-icon-instagram elementor-repeater-item-5530ae1\" href=\"https:\/\/www.instagram.com\/sampatiki_suites\/\" target=\"_blank\">\n\t\t\t\t\t\t<span class=\"elementor-screen-only\">Instagram<\/span>\n\t\t\t\t\t\t<i aria-hidden=\"true\" class=\"fab fa-instagram\"><\/i>\t\t\t\t\t<\/a>\n\t\t\t\t<\/span>\n\t\t\t\t\t<\/div>\n\t\t\t\t\t\t<\/div>\n\t\t\t\t<\/div>\n\t\t\t\t\t<\/div>\n\t\t<\/div>\n\t\t\t\t\t<\/div>\n\t\t<\/section>\n\t\t\t\t<section class=\"elementor-section elementor-top-section elementor-element elementor-element-b10c3f4 elementor-section-boxed elementor-section-height-default elementor-section-height-default\" data-id=\"b10c3f4\" data-element_type=\"section\" data-e-type=\"section\">\n\t\t\t\t\t\t<div class=\"elementor-container elementor-column-gap-default\">\n\t\t\t\t\t<div class=\"elementor-column elementor-col-100 elementor-top-column elementor-element elementor-element-30af615\" data-id=\"30af615\" data-element_type=\"column\" data-e-type=\"column\">\n\t\t\t<div class=\"elementor-widget-wrap elementor-element-populated\">\n\t\t\t\t\t\t<div class=\"elementor-element elementor-element-b8926aa elementor-widget elementor-widget-spacer\" data-id=\"b8926aa\" data-element_type=\"widget\" data-e-type=\"widget\" data-widget_type=\"spacer.default\">\n\t\t\t\t<div class=\"elementor-widget-container\">\n\t\t\t\t\t\t\t<div class=\"elementor-spacer\">\n\t\t\t<div class=\"elementor-spacer-inner\"><\/div>\n\t\t<\/div>\n\t\t\t\t\t\t<\/div>\n\t\t\t\t<\/div>\n\t\t\t\t\t<\/div>\n\t\t<\/div>\n\t\t\t\t\t<\/div>\n\t\t<\/section>\n\t\t\t\t<\/div>\n\t\t","protected":false},"excerpt":{"rendered":"<p>Prenez contact avec nous Votre confort et votre satisfaction sont nos priorit\u00e9s. Pour toute question, r\u00e9servation ou demande sp\u00e9ciale, n&rsquo;h\u00e9sitez pas \u00e0 nous contacter. Notre \u00e9quipe d\u00e9vou\u00e9e est l\u00e0 pour vous aider \u00e0 organiser un s\u00e9jour m\u00e9morable. Que vous cherchiez des informations sur la disponibilit\u00e9 des chambres, que vous planifiez un \u00e9v\u00e9nement ou que vous [&hellip;]<\/p>\n","protected":false},"author":3,"featured_media":0,"parent":0,"menu_order":0,"comment_status":"closed","ping_status":"closed","template":"","meta":{"footnotes":""},"class_list":["post-12096","page","type-page","status-publish","hentry"],"yoast_head":"<!-- This site is optimized with the Yoast SEO plugin v27.4 - https:\/\/yoast.com\/product\/yoast-seo-wordpress\/ -->\n<title>Contact - Sampatiki Suites<\/title>\n<meta name=\"robots\" content=\"index, follow, max-snippet:-1, max-image-preview:large, max-video-preview:-1\" \/>\n<link rel=\"canonical\" href=\"https:\/\/www.sampatikisuites.com\/fr\/contact\/\" \/>\n<meta property=\"og:locale\" content=\"fr_FR\" \/>\n<meta property=\"og:type\" content=\"article\" \/>\n<meta property=\"og:title\" content=\"Contact - Sampatiki Suites\" \/>\n<meta property=\"og:description\" content=\"Prenez contact avec nous Votre confort et votre satisfaction sont nos priorit\u00e9s. Pour toute question, r\u00e9servation ou demande sp\u00e9ciale, n&rsquo;h\u00e9sitez pas \u00e0 nous contacter. Notre \u00e9quipe d\u00e9vou\u00e9e est l\u00e0 pour vous aider \u00e0 organiser un s\u00e9jour m\u00e9morable. Que vous cherchiez des informations sur la disponibilit\u00e9 des chambres, que vous planifiez un \u00e9v\u00e9nement ou que vous [&hellip;]\" \/>\n<meta property=\"og:url\" content=\"https:\/\/www.sampatikisuites.com\/fr\/contact\/\" \/>\n<meta property=\"og:site_name\" content=\"Sampatiki Suites\" \/>\n<meta property=\"article:modified_time\" content=\"2025-10-14T12:29:49+00:00\" \/>\n<meta name=\"twitter:card\" content=\"summary_large_image\" \/>\n<meta name=\"twitter:label1\" content=\"Dur\u00e9e de lecture estim\u00e9e\" \/>\n\t<meta name=\"twitter:data1\" content=\"1 minute\" \/>\n<script type=\"application\/ld+json\" class=\"yoast-schema-graph\">{\"@context\":\"https:\\\/\\\/schema.org\",\"@graph\":[{\"@type\":\"WebPage\",\"@id\":\"https:\\\/\\\/www.sampatikisuites.com\\\/fr\\\/contact\\\/\",\"url\":\"https:\\\/\\\/www.sampatikisuites.com\\\/fr\\\/contact\\\/\",\"name\":\"Contact - Sampatiki Suites\",\"isPartOf\":{\"@id\":\"https:\\\/\\\/www.sampatikisuites.com\\\/fr\\\/#website\"},\"datePublished\":\"2022-08-06T09:06:40+00:00\",\"dateModified\":\"2025-10-14T12:29:49+00:00\",\"breadcrumb\":{\"@id\":\"https:\\\/\\\/www.sampatikisuites.com\\\/fr\\\/contact\\\/#breadcrumb\"},\"inLanguage\":\"fr-FR\",\"potentialAction\":[{\"@type\":\"ReadAction\",\"target\":[\"https:\\\/\\\/www.sampatikisuites.com\\\/fr\\\/contact\\\/\"]}]},{\"@type\":\"BreadcrumbList\",\"@id\":\"https:\\\/\\\/www.sampatikisuites.com\\\/fr\\\/contact\\\/#breadcrumb\",\"itemListElement\":[{\"@type\":\"ListItem\",\"position\":1,\"name\":\"Home\",\"item\":\"https:\\\/\\\/www.sampatikisuites.com\\\/fr\\\/accueil\\\/\"},{\"@type\":\"ListItem\",\"position\":2,\"name\":\"Contact\"}]},{\"@type\":\"WebSite\",\"@id\":\"https:\\\/\\\/www.sampatikisuites.com\\\/fr\\\/#website\",\"url\":\"https:\\\/\\\/www.sampatikisuites.com\\\/fr\\\/\",\"name\":\"Sampatiki Suites\",\"description\":\"\",\"publisher\":{\"@id\":\"https:\\\/\\\/www.sampatikisuites.com\\\/fr\\\/#organization\"},\"potentialAction\":[{\"@type\":\"SearchAction\",\"target\":{\"@type\":\"EntryPoint\",\"urlTemplate\":\"https:\\\/\\\/www.sampatikisuites.com\\\/fr\\\/?s={search_term_string}\"},\"query-input\":{\"@type\":\"PropertyValueSpecification\",\"valueRequired\":true,\"valueName\":\"search_term_string\"}}],\"inLanguage\":\"fr-FR\"},{\"@type\":\"Organization\",\"@id\":\"https:\\\/\\\/www.sampatikisuites.com\\\/fr\\\/#organization\",\"name\":\"Sampatiki Suites\",\"url\":\"https:\\\/\\\/www.sampatikisuites.com\\\/fr\\\/\",\"logo\":{\"@type\":\"ImageObject\",\"inLanguage\":\"fr-FR\",\"@id\":\"https:\\\/\\\/www.sampatikisuites.com\\\/fr\\\/#\\\/schema\\\/logo\\\/image\\\/\",\"url\":\"https:\\\/\\\/www.sampatikisuites.com\\\/wp-content\\\/uploads\\\/2021\\\/11\\\/SAMPATIKI-2-e1699011508932.png\",\"contentUrl\":\"https:\\\/\\\/www.sampatikisuites.com\\\/wp-content\\\/uploads\\\/2021\\\/11\\\/SAMPATIKI-2-e1699011508932.png\",\"width\":1000,\"height\":426,\"caption\":\"Sampatiki Suites\"},\"image\":{\"@id\":\"https:\\\/\\\/www.sampatikisuites.com\\\/fr\\\/#\\\/schema\\\/logo\\\/image\\\/\"}}]}<\/script>\n<!-- \/ Yoast SEO plugin. -->","yoast_head_json":{"title":"Contact - Sampatiki Suites","robots":{"index":"index","follow":"follow","max-snippet":"max-snippet:-1","max-image-preview":"max-image-preview:large","max-video-preview":"max-video-preview:-1"},"canonical":"https:\/\/www.sampatikisuites.com\/fr\/contact\/","og_locale":"fr_FR","og_type":"article","og_title":"Contact - Sampatiki Suites","og_description":"Prenez contact avec nous Votre confort et votre satisfaction sont nos priorit\u00e9s. Pour toute question, r\u00e9servation ou demande sp\u00e9ciale, n&rsquo;h\u00e9sitez pas \u00e0 nous contacter. Notre \u00e9quipe d\u00e9vou\u00e9e est l\u00e0 pour vous aider \u00e0 organiser un s\u00e9jour m\u00e9morable. Que vous cherchiez des informations sur la disponibilit\u00e9 des chambres, que vous planifiez un \u00e9v\u00e9nement ou que vous [&hellip;]","og_url":"https:\/\/www.sampatikisuites.com\/fr\/contact\/","og_site_name":"Sampatiki Suites","article_modified_time":"2025-10-14T12:29:49+00:00","twitter_card":"summary_large_image","twitter_misc":{"Dur\u00e9e de lecture estim\u00e9e":"1 minute"},"schema":{"@context":"https:\/\/schema.org","@graph":[{"@type":"WebPage","@id":"https:\/\/www.sampatikisuites.com\/fr\/contact\/","url":"https:\/\/www.sampatikisuites.com\/fr\/contact\/","name":"Contact - Sampatiki Suites","isPartOf":{"@id":"https:\/\/www.sampatikisuites.com\/fr\/#website"},"datePublished":"2022-08-06T09:06:40+00:00","dateModified":"2025-10-14T12:29:49+00:00","breadcrumb":{"@id":"https:\/\/www.sampatikisuites.com\/fr\/contact\/#breadcrumb"},"inLanguage":"fr-FR","potentialAction":[{"@type":"ReadAction","target":["https:\/\/www.sampatikisuites.com\/fr\/contact\/"]}]},{"@type":"BreadcrumbList","@id":"https:\/\/www.sampatikisuites.com\/fr\/contact\/#breadcrumb","itemListElement":[{"@type":"ListItem","position":1,"name":"Home","item":"https:\/\/www.sampatikisuites.com\/fr\/accueil\/"},{"@type":"ListItem","position":2,"name":"Contact"}]},{"@type":"WebSite","@id":"https:\/\/www.sampatikisuites.com\/fr\/#website","url":"https:\/\/www.sampatikisuites.com\/fr\/","name":"Sampatiki Suites","description":"","publisher":{"@id":"https:\/\/www.sampatikisuites.com\/fr\/#organization"},"potentialAction":[{"@type":"SearchAction","target":{"@type":"EntryPoint","urlTemplate":"https:\/\/www.sampatikisuites.com\/fr\/?s={search_term_string}"},"query-input":{"@type":"PropertyValueSpecification","valueRequired":true,"valueName":"search_term_string"}}],"inLanguage":"fr-FR"},{"@type":"Organization","@id":"https:\/\/www.sampatikisuites.com\/fr\/#organization","name":"Sampatiki Suites","url":"https:\/\/www.sampatikisuites.com\/fr\/","logo":{"@type":"ImageObject","inLanguage":"fr-FR","@id":"https:\/\/www.sampatikisuites.com\/fr\/#\/schema\/logo\/image\/","url":"https:\/\/www.sampatikisuites.com\/wp-content\/uploads\/2021\/11\/SAMPATIKI-2-e1699011508932.png","contentUrl":"https:\/\/www.sampatikisuites.com\/wp-content\/uploads\/2021\/11\/SAMPATIKI-2-e1699011508932.png","width":1000,"height":426,"caption":"Sampatiki Suites"},"image":{"@id":"https:\/\/www.sampatikisuites.com\/fr\/#\/schema\/logo\/image\/"}}]}},"_links":{"self":[{"href":"https:\/\/www.sampatikisuites.com\/fr\/wp-json\/wp\/v2\/pages\/12096","targetHints":{"allow":["GET"]}}],"collection":[{"href":"https:\/\/www.sampatikisuites.com\/fr\/wp-json\/wp\/v2\/pages"}],"about":[{"href":"https:\/\/www.sampatikisuites.com\/fr\/wp-json\/wp\/v2\/types\/page"}],"author":[{"embeddable":true,"href":"https:\/\/www.sampatikisuites.com\/fr\/wp-json\/wp\/v2\/users\/3"}],"replies":[{"embeddable":true,"href":"https:\/\/www.sampatikisuites.com\/fr\/wp-json\/wp\/v2\/comments?post=12096"}],"version-history":[{"count":1,"href":"https:\/\/www.sampatikisuites.com\/fr\/wp-json\/wp\/v2\/pages\/12096\/revisions"}],"predecessor-version":[{"id":12097,"href":"https:\/\/www.sampatikisuites.com\/fr\/wp-json\/wp\/v2\/pages\/12096\/revisions\/12097"}],"wp:attachment":[{"href":"https:\/\/www.sampatikisuites.com\/fr\/wp-json\/wp\/v2\/media?parent=12096"}],"curies":[{"name":"wp","href":"https:\/\/api.w.org\/{rel}","templated":true}]}}